{"id":327,"date":"2022-11-24T23:31:38","date_gmt":"2022-11-24T23:31:38","guid":{"rendered":"https:\/\/plansanjuan.gob.do\/?page_id=327"},"modified":"2022-11-30T16:14:47","modified_gmt":"2022-11-30T16:14:47","slug":"funcionarios","status":"publish","type":"page","link":"https:\/\/plansanjuan.gob.do\/index.php\/funcionarios\/","title":{"rendered":"Funcionarios"},"content":{"rendered":"\t\t<div data-elementor-type=\"wp-page\" data-elementor-id=\"327\" class=\"elementor elementor-327\" data-elementor-post-type=\"page\">\n\t\t\t\t\t\t<section class=\"elementor-section elementor-top-section elementor-element elementor-element-e261fc3 elementor-section-boxed elementor-section-height-default elementor-section-height-default\" data-id=\"e261fc3\" data-element_type=\"section\" data-settings=\"{&quot;background_background&quot;:&quot;classic&quot;}\">\n\t\t\t\t\t\t\t<div class=\"elementor-background-overlay\"><\/div>\n\t\t\t\t\t\t\t<div class=\"elementor-container elementor-column-gap-default\">\n\t\t\t\t\t<div class=\"elementor-column elementor-col-100 elementor-top-column elementor-element elementor-element-373b71b\" data-id=\"373b71b\" data-element_type=\"column\">\n\t\t\t<div class=\"elementor-widget-wrap elementor-element-populated\">\n\t\t\t\t\t\t<div class=\"elementor-element elementor-element-ebd5aa7 elementor-widget elementor-widget-heading\" data-id=\"ebd5aa7\" data-element_type=\"widget\" data-widget_type=\"heading.default\">\n\t\t\t\t<div class=\"elementor-widget-container\">\n\t\t\t\t\t<h2 class=\"elementor-heading-title elementor-size-default\">Funcionarios<\/h2>\t\t\t\t<\/div>\n\t\t\t\t<\/div>\n\t\t\t\t<div class=\"elementor-element elementor-element-584f310 elementor-icon-list--layout-inline elementor-align-center elementor-list-item-link-full_width elementor-widget elementor-widget-icon-list\" data-id=\"584f310\" data-element_type=\"widget\" data-widget_type=\"icon-list.default\">\n\t\t\t\t<div class=\"elementor-widget-container\">\n\t\t\t\t\t\t\t<ul class=\"elementor-icon-list-items elementor-inline-items\">\n\t\t\t\t\t\t\t<li class=\"elementor-icon-list-item elementor-inline-item\">\n\t\t\t\t\t\t\t\t\t\t<span class=\"elementor-icon-list-text\">Inicio<\/span>\n\t\t\t\t\t\t\t\t\t<\/li>\n\t\t\t\t\t\t\t\t<li class=\"elementor-icon-list-item elementor-inline-item\">\n\t\t\t\t\t\t\t\t\t\t\t<span class=\"elementor-icon-list-icon\">\n\t\t\t\t\t\t\t<i aria-hidden=\"true\" class=\"fas fa-chevron-right\"><\/i>\t\t\t\t\t\t<\/span>\n\t\t\t\t\t\t\t\t\t\t<span class=\"elementor-icon-list-text\">Funcionarios<\/span>\n\t\t\t\t\t\t\t\t\t<\/li>\n\t\t\t\t\t\t<\/ul>\n\t\t\t\t\t\t<\/div>\n\t\t\t\t<\/div>\n\t\t\t\t\t<\/div>\n\t\t<\/div>\n\t\t\t\t\t<\/div>\n\t\t<\/section>\n\t\t\t\t<section class=\"elementor-section elementor-top-section elementor-element elementor-element-893c527 elementor-section-boxed elementor-section-height-default elementor-section-height-default\" data-id=\"893c527\" data-element_type=\"section\">\n\t\t\t\t\t\t<div class=\"elementor-container elementor-column-gap-default\">\n\t\t\t\t\t<div class=\"elementor-column elementor-col-100 elementor-top-column elementor-element elementor-element-957bf09\" data-id=\"957bf09\" data-element_type=\"column\">\n\t\t\t<div class=\"elementor-widget-wrap elementor-element-populated\">\n\t\t\t\t\t\t<div class=\"elementor-element elementor-element-4257feb elementor-widget elementor-widget-jkit_testimonials\" data-id=\"4257feb\" data-element_type=\"widget\" data-widget_type=\"jkit_testimonials.default\">\n\t\t\t\t<div class=\"elementor-widget-container\">\n\t\t\t\t\t<div class=\"jeg-elementor-kit jkit-testimonials arrow-bottom-middle style-4  jeg_module___69e722c8c2852\" data-id=\"jeg_module___69e722c8c2852\" data-settings=\"{&quot;autoplay&quot;:false,&quot;autoplay_speed&quot;:3500,&quot;autoplay_hover_pause&quot;:false,&quot;show_navigation&quot;:false,&quot;navigation_left&quot;:&quot;&lt;i aria-hidden=\\&quot;true\\&quot; class=\\&quot;fas fa-angle-left\\&quot;&gt;&lt;\\\/i&gt;&quot;,&quot;navigation_right&quot;:&quot;&lt;i aria-hidden=\\&quot;true\\&quot; class=\\&quot;fas fa-angle-right\\&quot;&gt;&lt;\\\/i&gt;&quot;,&quot;show_dots&quot;:false,&quot;arrow_position&quot;:&quot;bottom&quot;,&quot;responsive&quot;:{&quot;desktop&quot;:{&quot;items&quot;:3,&quot;margin&quot;:20,&quot;breakpoint&quot;:1025},&quot;tablet&quot;:{&quot;items&quot;:2,&quot;margin&quot;:10,&quot;breakpoint&quot;:768},&quot;mobile&quot;:{&quot;items&quot;:1,&quot;margin&quot;:10,&quot;breakpoint&quot;:0}}}\"><div class=\"testimonials-list\">\n            <div class=\"testimonials-track\"><div class=\"testimonial-item  elementor-repeater-item-8edb0ec\">\n                <div class=\"testimonial-box hover-from-bottom\">\n                    <div class=\"icon-content\"><\/div><div class=\"comment-bio\">\n                <div class=\"bio-details\">\n                    <div class=\"profile-image\"><\/div>\n                    <ul class=\"rating-stars\"><\/ul>\n                    <span class=\"profile-info\">\n                        <strong class=\"profile-name\">Nombre del funcionario<\/strong>\n                        <p class=\"profile-des\">Cargo<\/p>\n                    <\/span>\n                <\/div>\n            <\/div><div class=\"comment-content\"><p>N\u00famero: 000-000-0000 &amp; Correo: info@plansanjuan.gob.do<\/p><\/div>\n                <\/div>\n            <\/div><div class=\"testimonial-item  elementor-repeater-item-46ff49d\">\n                <div class=\"testimonial-box hover-from-bottom\">\n                    <div class=\"icon-content\"><\/div><div class=\"comment-bio\">\n                <div class=\"bio-details\">\n                    <div class=\"profile-image\"><\/div>\n                    <ul class=\"rating-stars\"><\/ul>\n                    <span class=\"profile-info\">\n                        <strong class=\"profile-name\">Nombre del funcionario<\/strong>\n                        <p class=\"profile-des\">Cargo<\/p>\n                    <\/span>\n                <\/div>\n            <\/div><div class=\"comment-content\"><p>N\u00famero: 000-000-0000 &amp; Correo: info@plansanjuan.gob.do<\/p><\/div>\n                <\/div>\n            <\/div><div class=\"testimonial-item  elementor-repeater-item-ca3c48d\">\n                <div class=\"testimonial-box hover-from-bottom\">\n                    <div class=\"icon-content\"><\/div><div class=\"comment-bio\">\n                <div class=\"bio-details\">\n                    <div class=\"profile-image\"><\/div>\n                    <ul class=\"rating-stars\"><\/ul>\n                    <span class=\"profile-info\">\n                        <strong class=\"profile-name\">Nombre del funcionario<\/strong>\n                        <p class=\"profile-des\">Cargo<\/p>\n                    <\/span>\n                <\/div>\n            <\/div><div class=\"comment-content\"><p>N\u00famero: 000-000-0000 &amp; Correo: info@plansanjuan.gob.do<\/p><\/div>\n                <\/div>\n            <\/div><\/div>\n        <\/div><\/div>\t\t\t\t<\/div>\n\t\t\t\t<\/div>\n\t\t\t\t\t<\/div>\n\t\t<\/div>\n\t\t\t\t\t<\/div>\n\t\t<\/section>\n\t\t\t\t<section class=\"elementor-section elementor-top-section elementor-element elementor-element-77fb5fb elementor-section-boxed elementor-section-height-default elementor-section-height-default\" data-id=\"77fb5fb\" data-element_type=\"section\">\n\t\t\t\t\t\t<div class=\"elementor-container elementor-column-gap-default\">\n\t\t\t\t\t<div class=\"elementor-column elementor-col-100 elementor-top-column elementor-element elementor-element-ccd9d48\" data-id=\"ccd9d48\" data-element_type=\"column\">\n\t\t\t<div class=\"elementor-widget-wrap elementor-element-populated\">\n\t\t\t\t\t\t<div class=\"elementor-element elementor-element-15a2cf4 elementor-widget elementor-widget-jkit_testimonials\" data-id=\"15a2cf4\" data-element_type=\"widget\" data-widget_type=\"jkit_testimonials.default\">\n\t\t\t\t<div class=\"elementor-widget-container\">\n\t\t\t\t\t<div class=\"jeg-elementor-kit jkit-testimonials arrow-bottom-middle style-4  jeg_module__1_69e722c8c39dc\" data-id=\"jeg_module__1_69e722c8c39dc\" data-settings=\"{&quot;autoplay&quot;:false,&quot;autoplay_speed&quot;:3500,&quot;autoplay_hover_pause&quot;:false,&quot;show_navigation&quot;:false,&quot;navigation_left&quot;:&quot;&lt;i aria-hidden=\\&quot;true\\&quot; class=\\&quot;fas fa-angle-left\\&quot;&gt;&lt;\\\/i&gt;&quot;,&quot;navigation_right&quot;:&quot;&lt;i aria-hidden=\\&quot;true\\&quot; class=\\&quot;fas fa-angle-right\\&quot;&gt;&lt;\\\/i&gt;&quot;,&quot;show_dots&quot;:false,&quot;arrow_position&quot;:&quot;bottom&quot;,&quot;responsive&quot;:{&quot;desktop&quot;:{&quot;items&quot;:3,&quot;margin&quot;:20,&quot;breakpoint&quot;:1025},&quot;tablet&quot;:{&quot;items&quot;:2,&quot;margin&quot;:10,&quot;breakpoint&quot;:768},&quot;mobile&quot;:{&quot;items&quot;:1,&quot;margin&quot;:10,&quot;breakpoint&quot;:0}}}\"><div class=\"testimonials-list\">\n            <div class=\"testimonials-track\"><div class=\"testimonial-item  elementor-repeater-item-8edb0ec\">\n                <div class=\"testimonial-box hover-from-bottom\">\n                    <div class=\"icon-content\"><\/div><div class=\"comment-bio\">\n                <div class=\"bio-details\">\n                    <div class=\"profile-image\"><\/div>\n                    <ul class=\"rating-stars\"><\/ul>\n                    <span class=\"profile-info\">\n                        <strong class=\"profile-name\">Nombre del funcionario<\/strong>\n                        <p class=\"profile-des\">Cargo<\/p>\n                    <\/span>\n                <\/div>\n            <\/div><div class=\"comment-content\"><p>N\u00famero: 000-000-0000 &amp; Correo: info@plansanjuan.gob.do<\/p><\/div>\n                <\/div>\n            <\/div><div class=\"testimonial-item  elementor-repeater-item-46ff49d\">\n                <div class=\"testimonial-box hover-from-bottom\">\n                    <div class=\"icon-content\"><\/div><div class=\"comment-bio\">\n                <div class=\"bio-details\">\n                    <div class=\"profile-image\"><\/div>\n                    <ul class=\"rating-stars\"><\/ul>\n                    <span class=\"profile-info\">\n                        <strong class=\"profile-name\">Nombre del funcionario<\/strong>\n                        <p class=\"profile-des\">Cargo<\/p>\n                    <\/span>\n                <\/div>\n            <\/div><div class=\"comment-content\"><p>N\u00famero: 000-000-0000 &amp; Correo: info@plansanjuan.gob.do<\/p><\/div>\n                <\/div>\n            <\/div><div class=\"testimonial-item  elementor-repeater-item-ca3c48d\">\n                <div class=\"testimonial-box hover-from-bottom\">\n                    <div class=\"icon-content\"><\/div><div class=\"comment-bio\">\n                <div class=\"bio-details\">\n                    <div class=\"profile-image\"><\/div>\n                    <ul class=\"rating-stars\"><\/ul>\n                    <span class=\"profile-info\">\n                        <strong class=\"profile-name\">Nombre del funcionario<\/strong>\n                        <p class=\"profile-des\">Cargo<\/p>\n                    <\/span>\n                <\/div>\n            <\/div><div class=\"comment-content\"><p>N\u00famero: 000-000-0000 &amp; Correo: info@plansanjuan.gob.do<\/p><\/div>\n                <\/div>\n            <\/div><\/div>\n        <\/div><\/div>\t\t\t\t<\/div>\n\t\t\t\t<\/div>\n\t\t\t\t\t<\/div>\n\t\t<\/div>\n\t\t\t\t\t<\/div>\n\t\t<\/section>\n\t\t\t\t<section class=\"elementor-section elementor-top-section elementor-element elementor-element-91c9622 elementor-section-boxed elementor-section-height-default elementor-section-height-default\" data-id=\"91c9622\" data-element_type=\"section\">\n\t\t\t\t\t\t<div class=\"elementor-container elementor-column-gap-default\">\n\t\t\t\t\t<div class=\"elementor-column elementor-col-100 elementor-top-column elementor-element elementor-element-ebd1e7d\" data-id=\"ebd1e7d\" data-element_type=\"column\">\n\t\t\t<div class=\"elementor-widget-wrap elementor-element-populated\">\n\t\t\t\t\t\t<div class=\"elementor-element elementor-element-79439c0 elementor-widget elementor-widget-jkit_testimonials\" data-id=\"79439c0\" data-element_type=\"widget\" data-widget_type=\"jkit_testimonials.default\">\n\t\t\t\t<div class=\"elementor-widget-container\">\n\t\t\t\t\t<div class=\"jeg-elementor-kit jkit-testimonials arrow-bottom-middle style-4  jeg_module__2_69e722c8c4aa3\" data-id=\"jeg_module__2_69e722c8c4aa3\" data-settings=\"{&quot;autoplay&quot;:false,&quot;autoplay_speed&quot;:3500,&quot;autoplay_hover_pause&quot;:false,&quot;show_navigation&quot;:false,&quot;navigation_left&quot;:&quot;&lt;i aria-hidden=\\&quot;true\\&quot; class=\\&quot;fas fa-angle-left\\&quot;&gt;&lt;\\\/i&gt;&quot;,&quot;navigation_right&quot;:&quot;&lt;i aria-hidden=\\&quot;true\\&quot; class=\\&quot;fas fa-angle-right\\&quot;&gt;&lt;\\\/i&gt;&quot;,&quot;show_dots&quot;:false,&quot;arrow_position&quot;:&quot;bottom&quot;,&quot;responsive&quot;:{&quot;desktop&quot;:{&quot;items&quot;:3,&quot;margin&quot;:20,&quot;breakpoint&quot;:1025},&quot;tablet&quot;:{&quot;items&quot;:2,&quot;margin&quot;:10,&quot;breakpoint&quot;:768},&quot;mobile&quot;:{&quot;items&quot;:1,&quot;margin&quot;:10,&quot;breakpoint&quot;:0}}}\"><div class=\"testimonials-list\">\n            <div class=\"testimonials-track\"><div class=\"testimonial-item  elementor-repeater-item-8edb0ec\">\n                <div class=\"testimonial-box hover-from-bottom\">\n                    <div class=\"icon-content\"><\/div><div class=\"comment-bio\">\n                <div class=\"bio-details\">\n                    <div class=\"profile-image\"><\/div>\n                    <ul class=\"rating-stars\"><\/ul>\n                    <span class=\"profile-info\">\n                        <strong class=\"profile-name\">Nombre del funcionario<\/strong>\n                        <p class=\"profile-des\">Cargo<\/p>\n                    <\/span>\n                <\/div>\n            <\/div><div class=\"comment-content\"><p>N\u00famero: 000-000-0000 &amp; Correo: info@plansanjuan.gob.do<\/p><\/div>\n                <\/div>\n            <\/div><div class=\"testimonial-item  elementor-repeater-item-46ff49d\">\n                <div class=\"testimonial-box hover-from-bottom\">\n                    <div class=\"icon-content\"><\/div><div class=\"comment-bio\">\n                <div class=\"bio-details\">\n                    <div class=\"profile-image\"><\/div>\n                    <ul class=\"rating-stars\"><\/ul>\n                    <span class=\"profile-info\">\n                        <strong class=\"profile-name\">Nombre del funcionario<\/strong>\n                        <p class=\"profile-des\">Cargo<\/p>\n                    <\/span>\n                <\/div>\n            <\/div><div class=\"comment-content\"><p>N\u00famero: 000-000-0000 &amp; Correo: info@plansanjuan.gob.do<\/p><\/div>\n                <\/div>\n            <\/div><div class=\"testimonial-item  elementor-repeater-item-ca3c48d\">\n                <div class=\"testimonial-box hover-from-bottom\">\n                    <div class=\"icon-content\"><\/div><div class=\"comment-bio\">\n                <div class=\"bio-details\">\n                    <div class=\"profile-image\"><\/div>\n                    <ul class=\"rating-stars\"><\/ul>\n                    <span class=\"profile-info\">\n                        <strong class=\"profile-name\">Nombre del funcionario<\/strong>\n                        <p class=\"profile-des\">Cargo<\/p>\n                    <\/span>\n                <\/div>\n            <\/div><div class=\"comment-content\"><p>N\u00famero: 000-000-0000 &amp; Correo: info@plansanjuan.gob.do<\/p><\/div>\n                <\/div>\n            <\/div><\/div>\n        <\/div><\/div>\t\t\t\t<\/div>\n\t\t\t\t<\/div>\n\t\t\t\t\t<\/div>\n\t\t<\/div>\n\t\t\t\t\t<\/div>\n\t\t<\/section>\n\t\t\t\t<\/div>\n\t\t","protected":false},"excerpt":{"rendered":"<p>Funcionarios Inicio Funcionarios Nombre del funcionario Cargo N\u00famero: 000-000-0000 &amp; Correo: info@plansanjuan.gob.do Nombre del funcionario Cargo N\u00famero: 000-000-0000 &amp; Correo: info@plansanjuan.gob.do Nombre del funcionario Cargo N\u00famero: 000-000-0000 &amp; Correo: info@plansanjuan.gob.do Nombre del funcionario Cargo N\u00famero: 000-000-0000 &amp; Correo: info@plansanjuan.gob.do Nombre del funcionario Cargo N\u00famero: 000-000-0000 &amp; Correo: info@plansanjuan.gob.do Nombre del funcionario Cargo N\u00famero: 000-000-0000 &amp; [&hellip;]<\/p>\n","protected":false},"author":3,"featured_media":0,"parent":0,"menu_order":0,"comment_status":"closed","ping_status":"closed","template":"","meta":{"om_disable_all_campaigns":false,"site-sidebar-layout":"no-sidebar","site-content-layout":"page-builder","ast-site-content-layout":"default","site-content-style":"default","site-sidebar-style":"default","ast-global-header-display":"","ast-banner-title-visibility":"","ast-main-header-display":"","ast-hfb-above-header-display":"","ast-hfb-below-header-display":"","ast-hfb-mobile-header-display":"","site-post-title":"disabled","ast-breadcrumbs-content":"","ast-featured-img":"disabled","footer-sml-layout":"","ast-disable-related-posts":"","theme-transparent-header-meta":"","adv-header-id-meta":"","stick-header-meta":"","header-above-stick-meta":"","header-main-stick-meta":"","header-below-stick-meta":"","astra-migrate-meta-layouts":"default","ast-page-background-enabled":"default","ast-page-background-meta":{"desktop":{"background-color":"var(--ast-global-color-4)","background-image":"","background-repeat":"repeat","background-position":"center center","background-size":"auto","background-attachment":"scroll","background-type":"","background-media":"","overlay-type":"","overlay-color":"","overlay-opacity":"","overlay-gradient":""},"tablet":{"background-color":"","background-image":"","background-repeat":"repeat","background-position":"center center","background-size":"auto","background-attachment":"scroll","background-type":"","background-media":"","overlay-type":"","overlay-color":"","overlay-opacity":"","overlay-gradient":""},"mobile":{"background-color":"","background-image":"","background-repeat":"repeat","background-position":"center center","background-size":"auto","background-attachment":"scroll","background-type":"","background-media":"","overlay-type":"","overlay-color":"","overlay-opacity":"","overlay-gradient":""}},"ast-content-background-meta":{"desktop":{"background-color":"var(--ast-global-color-5)","background-image":"","background-repeat":"repeat","background-position":"center center","background-size":"auto","background-attachment":"scroll","background-type":"","background-media":"","overlay-type":"","overlay-color":"","overlay-opacity":"","overlay-gradient":""},"tablet":{"background-color":"var(--ast-global-color-5)","background-image":"","background-repeat":"repeat","background-position":"center center","background-size":"auto","background-attachment":"scroll","background-type":"","background-media":"","overlay-type":"","overlay-color":"","overlay-opacity":"","overlay-gradient":""},"mobile":{"background-color":"var(--ast-global-color-5)","background-image":"","background-repeat":"repeat","background-position":"center center","background-size":"auto","background-attachment":"scroll","background-type":"","background-media":"","overlay-type":"","overlay-color":"","overlay-opacity":"","overlay-gradient":""}},"footnotes":""},"class_list":["post-327","page","type-page","status-publish","hentry"],"aioseo_notices":[],"yoast_head":"<!-- This site is optimized with the Yoast SEO plugin v26.7 - https:\/\/yoast.com\/wordpress\/plugins\/seo\/ -->\n<title>Funcionarios - Plan San Juan<\/title>\n<meta name=\"robots\" content=\"index, follow, max-snippet:-1, max-image-preview:large, max-video-preview:-1\" \/>\n<link rel=\"canonical\" href=\"https:\/\/plansanjuan.gob.do\/index.php\/funcionarios\/\" \/>\n<meta property=\"og:locale\" content=\"es_ES\" \/>\n<meta property=\"og:type\" content=\"article\" \/>\n<meta property=\"og:title\" content=\"Funcionarios - Plan San Juan\" \/>\n<meta property=\"og:description\" content=\"Funcionarios Inicio Funcionarios Nombre del funcionario Cargo N\u00famero: 000-000-0000 &amp; Correo: info@plansanjuan.gob.do Nombre del funcionario Cargo N\u00famero: 000-000-0000 &amp; Correo: info@plansanjuan.gob.do Nombre del funcionario Cargo N\u00famero: 000-000-0000 &amp; Correo: info@plansanjuan.gob.do Nombre del funcionario Cargo N\u00famero: 000-000-0000 &amp; Correo: info@plansanjuan.gob.do Nombre del funcionario Cargo N\u00famero: 000-000-0000 &amp; Correo: info@plansanjuan.gob.do Nombre del funcionario Cargo N\u00famero: 000-000-0000 &amp; [&hellip;]\" \/>\n<meta property=\"og:url\" content=\"https:\/\/plansanjuan.gob.do\/index.php\/funcionarios\/\" \/>\n<meta property=\"og:site_name\" content=\"Plan San Juan\" \/>\n<meta property=\"article:modified_time\" content=\"2022-11-30T16:14:47+00:00\" \/>\n<meta name=\"twitter:card\" content=\"summary_large_image\" \/>\n<meta name=\"twitter:label1\" content=\"Est. reading time\" \/>\n\t<meta name=\"twitter:data1\" content=\"2 minutos\" \/>\n<script type=\"application\/ld+json\" class=\"yoast-schema-graph\">{\"@context\":\"https:\/\/schema.org\",\"@graph\":[{\"@type\":\"WebPage\",\"@id\":\"https:\/\/plansanjuan.gob.do\/index.php\/funcionarios\/\",\"url\":\"https:\/\/plansanjuan.gob.do\/index.php\/funcionarios\/\",\"name\":\"Funcionarios - Plan San Juan\",\"isPartOf\":{\"@id\":\"https:\/\/plansanjuan.gob.do\/#website\"},\"datePublished\":\"2022-11-24T23:31:38+00:00\",\"dateModified\":\"2022-11-30T16:14:47+00:00\",\"breadcrumb\":{\"@id\":\"https:\/\/plansanjuan.gob.do\/index.php\/funcionarios\/#breadcrumb\"},\"inLanguage\":\"es-DO\",\"potentialAction\":[{\"@type\":\"ReadAction\",\"target\":[\"https:\/\/plansanjuan.gob.do\/index.php\/funcionarios\/\"]}]},{\"@type\":\"BreadcrumbList\",\"@id\":\"https:\/\/plansanjuan.gob.do\/index.php\/funcionarios\/#breadcrumb\",\"itemListElement\":[{\"@type\":\"ListItem\",\"position\":1,\"name\":\"Home\",\"item\":\"https:\/\/plansanjuan.gob.do\/\"},{\"@type\":\"ListItem\",\"position\":2,\"name\":\"Funcionarios\"}]},{\"@type\":\"WebSite\",\"@id\":\"https:\/\/plansanjuan.gob.do\/#website\",\"url\":\"https:\/\/plansanjuan.gob.do\/\",\"name\":\"Plan San Juan\",\"description\":\"\",\"publisher\":{\"@id\":\"https:\/\/plansanjuan.gob.do\/#organization\"},\"potentialAction\":[{\"@type\":\"SearchAction\",\"target\":{\"@type\":\"EntryPoint\",\"urlTemplate\":\"https:\/\/plansanjuan.gob.do\/?s={search_term_string}\"},\"query-input\":{\"@type\":\"PropertyValueSpecification\",\"valueRequired\":true,\"valueName\":\"search_term_string\"}}],\"inLanguage\":\"es-DO\"},{\"@type\":\"Organization\",\"@id\":\"https:\/\/plansanjuan.gob.do\/#organization\",\"name\":\"Plan San Juan\",\"url\":\"https:\/\/plansanjuan.gob.do\/\",\"logo\":{\"@type\":\"ImageObject\",\"inLanguage\":\"es-DO\",\"@id\":\"https:\/\/plansanjuan.gob.do\/#\/schema\/logo\/image\/\",\"url\":\"https:\/\/plansanjuan.gob.do\/wp-content\/uploads\/2022\/11\/cropped-logo-plan-san-juan-png-1-1.png\",\"contentUrl\":\"https:\/\/plansanjuan.gob.do\/wp-content\/uploads\/2022\/11\/cropped-logo-plan-san-juan-png-1-1.png\",\"width\":500,\"height\":391,\"caption\":\"Plan San Juan\"},\"image\":{\"@id\":\"https:\/\/plansanjuan.gob.do\/#\/schema\/logo\/image\/\"}}]}<\/script>\n<!-- \/ Yoast SEO plugin. -->","yoast_head_json":{"title":"Funcionarios - Plan San Juan","robots":{"index":"index","follow":"follow","max-snippet":"max-snippet:-1","max-image-preview":"max-image-preview:large","max-video-preview":"max-video-preview:-1"},"canonical":"https:\/\/plansanjuan.gob.do\/index.php\/funcionarios\/","og_locale":"es_ES","og_type":"article","og_title":"Funcionarios - Plan San Juan","og_description":"Funcionarios Inicio Funcionarios Nombre del funcionario Cargo N\u00famero: 000-000-0000 &amp; Correo: info@plansanjuan.gob.do Nombre del funcionario Cargo N\u00famero: 000-000-0000 &amp; Correo: info@plansanjuan.gob.do Nombre del funcionario Cargo N\u00famero: 000-000-0000 &amp; Correo: info@plansanjuan.gob.do Nombre del funcionario Cargo N\u00famero: 000-000-0000 &amp; Correo: info@plansanjuan.gob.do Nombre del funcionario Cargo N\u00famero: 000-000-0000 &amp; Correo: info@plansanjuan.gob.do Nombre del funcionario Cargo N\u00famero: 000-000-0000 &amp; [&hellip;]","og_url":"https:\/\/plansanjuan.gob.do\/index.php\/funcionarios\/","og_site_name":"Plan San Juan","article_modified_time":"2022-11-30T16:14:47+00:00","twitter_card":"summary_large_image","twitter_misc":{"Est. reading time":"2 minutos"},"schema":{"@context":"https:\/\/schema.org","@graph":[{"@type":"WebPage","@id":"https:\/\/plansanjuan.gob.do\/index.php\/funcionarios\/","url":"https:\/\/plansanjuan.gob.do\/index.php\/funcionarios\/","name":"Funcionarios - Plan San Juan","isPartOf":{"@id":"https:\/\/plansanjuan.gob.do\/#website"},"datePublished":"2022-11-24T23:31:38+00:00","dateModified":"2022-11-30T16:14:47+00:00","breadcrumb":{"@id":"https:\/\/plansanjuan.gob.do\/index.php\/funcionarios\/#breadcrumb"},"inLanguage":"es-DO","potentialAction":[{"@type":"ReadAction","target":["https:\/\/plansanjuan.gob.do\/index.php\/funcionarios\/"]}]},{"@type":"BreadcrumbList","@id":"https:\/\/plansanjuan.gob.do\/index.php\/funcionarios\/#breadcrumb","itemListElement":[{"@type":"ListItem","position":1,"name":"Home","item":"https:\/\/plansanjuan.gob.do\/"},{"@type":"ListItem","position":2,"name":"Funcionarios"}]},{"@type":"WebSite","@id":"https:\/\/plansanjuan.gob.do\/#website","url":"https:\/\/plansanjuan.gob.do\/","name":"Plan San Juan","description":"","publisher":{"@id":"https:\/\/plansanjuan.gob.do\/#organization"},"potentialAction":[{"@type":"SearchAction","target":{"@type":"EntryPoint","urlTemplate":"https:\/\/plansanjuan.gob.do\/?s={search_term_string}"},"query-input":{"@type":"PropertyValueSpecification","valueRequired":true,"valueName":"search_term_string"}}],"inLanguage":"es-DO"},{"@type":"Organization","@id":"https:\/\/plansanjuan.gob.do\/#organization","name":"Plan San Juan","url":"https:\/\/plansanjuan.gob.do\/","logo":{"@type":"ImageObject","inLanguage":"es-DO","@id":"https:\/\/plansanjuan.gob.do\/#\/schema\/logo\/image\/","url":"https:\/\/plansanjuan.gob.do\/wp-content\/uploads\/2022\/11\/cropped-logo-plan-san-juan-png-1-1.png","contentUrl":"https:\/\/plansanjuan.gob.do\/wp-content\/uploads\/2022\/11\/cropped-logo-plan-san-juan-png-1-1.png","width":500,"height":391,"caption":"Plan San Juan"},"image":{"@id":"https:\/\/plansanjuan.gob.do\/#\/schema\/logo\/image\/"}}]}},"_links":{"self":[{"href":"https:\/\/plansanjuan.gob.do\/index.php\/wp-json\/wp\/v2\/pages\/327","targetHints":{"allow":["GET"]}}],"collection":[{"href":"https:\/\/plansanjuan.gob.do\/index.php\/wp-json\/wp\/v2\/pages"}],"about":[{"href":"https:\/\/plansanjuan.gob.do\/index.php\/wp-json\/wp\/v2\/types\/page"}],"author":[{"embeddable":true,"href":"https:\/\/plansanjuan.gob.do\/index.php\/wp-json\/wp\/v2\/users\/3"}],"replies":[{"embeddable":true,"href":"https:\/\/plansanjuan.gob.do\/index.php\/wp-json\/wp\/v2\/comments?post=327"}],"version-history":[{"count":16,"href":"https:\/\/plansanjuan.gob.do\/index.php\/wp-json\/wp\/v2\/pages\/327\/revisions"}],"predecessor-version":[{"id":1363,"href":"https:\/\/plansanjuan.gob.do\/index.php\/wp-json\/wp\/v2\/pages\/327\/revisions\/1363"}],"wp:attachment":[{"href":"https:\/\/plansanjuan.gob.do\/index.php\/wp-json\/wp\/v2\/media?parent=327"}],"curies":[{"name":"wp","href":"https:\/\/api.w.org\/{rel}","templated":true}]}}